{"id":28,"date":"2016-01-14T09:50:13","date_gmt":"2016-01-14T09:50:13","guid":{"rendered":"http:\/\/compa.com.pl\/?page_id=28"},"modified":"2023-08-08T19:21:04","modified_gmt":"2023-08-08T19:21:04","slug":"certyfikaty","status":"publish","type":"page","link":"https:\/\/compa.com.pl\/?page_id=28","title":{"rendered":"CERTYFIKATY"},"content":{"rendered":"<p style=\"text-align: left;\"><span style=\"text-decoration: underline;\"><strong>Pracownicy naszej firmy posiadaj\u0105 certyfikaty w zakresie:<\/strong><\/span><\/p>\n<p style=\"text-align: left;\">programowania sterownik\u00f3w:<\/p>\n<ul>\n<li style=\"text-align: left;\">OMRON<\/li>\n<li style=\"text-align: left;\">GE FANUC<\/li>\n<li style=\"text-align: left;\">SCHNEIDER ELECTRIC<\/li>\n<li style=\"text-align: left;\">SIEMENS<\/li>\n<\/ul>\n<p style=\"text-align: left;\">programowania system\u00f3w SCADA:<\/p>\n<ul>\n<li style=\"text-align: left;\">PROFICY iFIX<\/li>\n<li style=\"text-align: left;\">WONDERWARE InTouch<\/li>\n<li style=\"text-align: left;\">MOVICON<\/li>\n<li style=\"text-align: left;\">PLATFORMA SYSTEMOWA AVEVA<\/li>\n<\/ul>\n<p>&nbsp;<\/p>\n","protected":false},"excerpt":{"rendered":"<p>Pracownicy naszej firmy posiadaj\u0105 certyfikaty w zakresie: programowania sterownik\u00f3w: OMRON GE FANUC SCHNEIDER ELECTRIC SIEMENS programowania system\u00f3w SCADA: PROFICY iFIX WONDERWARE InTouch MOVICON PLATFORMA SYSTEMOWA AVEVA &nbsp;<\/p>\n","protected":false},"author":1,"featured_media":0,"parent":0,"menu_order":3,"comment_status":"closed","ping_status":"closed","template":"page-fullwidth.php","meta":{"footnotes":""},"_links":{"self":[{"href":"https:\/\/compa.com.pl\/index.php?rest_route=\/wp\/v2\/pages\/28"}],"collection":[{"href":"https:\/\/compa.com.pl\/index.php?rest_route=\/wp\/v2\/pages"}],"about":[{"href":"https:\/\/compa.com.pl\/index.php?rest_route=\/wp\/v2\/types\/page"}],"author":[{"embeddable":true,"href":"https:\/\/compa.com.pl\/index.php?rest_route=\/wp\/v2\/users\/1"}],"replies":[{"embeddable":true,"href":"https:\/\/compa.com.pl\/index.php?rest_route=%2Fwp%2Fv2%2Fcomments&post=28"}],"version-history":[{"count":19,"href":"https:\/\/compa.com.pl\/index.php?rest_route=\/wp\/v2\/pages\/28\/revisions"}],"predecessor-version":[{"id":401,"href":"https:\/\/compa.com.pl\/index.php?rest_route=\/wp\/v2\/pages\/28\/revisions\/401"}],"wp:attachment":[{"href":"https:\/\/compa.com.pl\/index.php?rest_route=%2Fwp%2Fv2%2Fmedia&parent=28"}],"curies":[{"name":"wp","href":"https:\/\/api.w.org\/{rel}","templated":true}]}}