{"id":19,"date":"2016-01-14T09:44:50","date_gmt":"2016-01-14T08:44:50","guid":{"rendered":"http:\/\/compa.com.pl\/?page_id=19"},"modified":"2024-07-06T15:23:23","modified_gmt":"2024-07-06T13:23:23","slug":"oferta","status":"publish","type":"page","link":"https:\/\/compa.com.pl\/?page_id=19","title":{"rendered":"OFERTA"},"content":{"rendered":"\n<p class=\"has-medium-font-size\"><strong>Kompleksowe us\u0142ugi projektowe w bran\u017cy Pomiar\u00f3w i Automatyki w zakresie:<\/strong><\/p>\n\n\n\n<ul>\n<li class=\"has-small-font-size\">opracowania zapyta\u0144 ofertowych na aparatur\u0119 pomiarow\u0105 oraz systemy pomiarowe,<\/li>\n\n\n\n<li class=\"has-small-font-size\">opracowania schemat\u00f3w obwodowych obwod\u00f3w pomiarowych,<\/li>\n\n\n\n<li class=\"has-small-font-size\">wykonywania rysunk\u00f3w lokalizacyjnych aparatury pomiarowej, tras kablowych, skrzynek z\u0142\u0105cznych,<\/li>\n\n\n\n<li class=\"has-small-font-size\">wykonywania specyfikacji zbiorczych aparatury pomiarowej i materia\u0142\u00f3w monta\u017cowych,<\/li>\n\n\n\n<li class=\"has-small-font-size\">wykonywania schemat\u00f3w monta\u017cowych obwod\u00f3w,<\/li>\n\n\n\n<li class=\"has-small-font-size\">opracowania zestawie\u0144 aparatury w wykonaniu przeciwwybuchowym,<\/li>\n<\/ul>\n\n\n\n<div class=\"wp-block-group has-background is-horizontal is-content-justification-center is-nowrap is-layout-flex wp-container-5 wp-block-group-is-layout-flex\" style=\"background-color:#ffffe8\">\n<div aria-hidden=\"true\" class=\"wp-block-spacer wp-container-content-1\"><\/div>\n\n\n\n<figure class=\"wp-block-image size-full is-resized\"><a href=\"https:\/\/compa.com.pl\/wp-content\/uploads\/2024\/07\/Schem2.jpg\" rel=\"attachment wp-att-230\"><img decoding=\"async\" loading=\"lazy\" width=\"634\" height=\"893\" src=\"https:\/\/compa.com.pl\/wp-content\/uploads\/2024\/07\/Schem2.jpg\" alt=\"\" class=\"wp-image-549\" style=\"aspect-ratio:0.6318359375;object-fit:cover;width:130px\" srcset=\"https:\/\/compa.com.pl\/wp-content\/uploads\/2024\/07\/Schem2.jpg 634w, https:\/\/compa.com.pl\/wp-content\/uploads\/2024\/07\/Schem2-213x300.jpg 213w\" sizes=\"(max-width: 634px) 100vw, 634px\" \/><\/a><\/figure>\n\n\n\n<div aria-hidden=\"true\" class=\"wp-block-spacer wp-container-content-2\"><\/div>\n\n\n\n<figure class=\"wp-block-image is-resized\"><a href=\"https:\/\/compa.com.pl\/wp-content\/uploads\/2016\/01\/Rys_3.jpg\"><img decoding=\"async\" loading=\"lazy\" width=\"650\" height=\"1024\" src=\"https:\/\/compa.com.pl\/wp-content\/uploads\/2016\/01\/Rys_3-650x1024.jpg\" alt=\"Rys_3\" class=\"wp-image-232\" style=\"aspect-ratio:0.634765625;object-fit:cover;width:130px\" srcset=\"https:\/\/compa.com.pl\/wp-content\/uploads\/2016\/01\/Rys_3-650x1024.jpg 650w, https:\/\/compa.com.pl\/wp-content\/uploads\/2016\/01\/Rys_3-190x300.jpg 190w, https:\/\/compa.com.pl\/wp-content\/uploads\/2016\/01\/Rys_3-768x1210.jpg 768w, https:\/\/compa.com.pl\/wp-content\/uploads\/2016\/01\/Rys_3.jpg 1042w\" sizes=\"(max-width: 650px) 100vw, 650px\" \/><\/a><\/figure>\n\n\n\n<div aria-hidden=\"true\" class=\"wp-block-spacer wp-container-content-3\"><\/div>\n\n\n\n<figure class=\"wp-block-image size-large is-resized\"><a href=\"https:\/\/compa.com.pl\/wp-content\/uploads\/2024\/07\/Schem3.jpg\" rel=\"attachment wp-att-231\"><img decoding=\"async\" loading=\"lazy\" width=\"1024\" height=\"728\" src=\"https:\/\/compa.com.pl\/wp-content\/uploads\/2024\/07\/Schem3-1024x728.jpg\" alt=\"\" class=\"wp-image-550\" style=\"aspect-ratio:0.626953125;object-fit:contain;width:167px;height:auto\" srcset=\"https:\/\/compa.com.pl\/wp-content\/uploads\/2024\/07\/Schem3-1024x728.jpg 1024w, https:\/\/compa.com.pl\/wp-content\/uploads\/2024\/07\/Schem3-300x213.jpg 300w, https:\/\/compa.com.pl\/wp-content\/uploads\/2024\/07\/Schem3-768x546.jpg 768w, https:\/\/compa.com.pl\/wp-content\/uploads\/2024\/07\/Schem3-1536x1092.jpg 1536w, https:\/\/compa.com.pl\/wp-content\/uploads\/2024\/07\/Schem3.jpg 1938w\" sizes=\"(max-width: 1024px) 100vw, 1024px\" \/><\/a><\/figure>\n\n\n\n<div aria-hidden=\"true\" class=\"wp-block-spacer wp-container-content-4\"><\/div>\n<\/div>\n\n\n\n<!--nextpage-->\n\n\n\n<p class=\"has-medium-font-size\"><strong>Us\u0142ugi projektowe system\u00f3w sterowania cyfrowego w oparciu o sterowniki PLC w zakresie<\/strong><\/p>\n\n\n\n<ul class=\"has-small-font-size\">\n<li class=\"has-small-font-size\">opracowania dokumentacji projektowych w cz\u0119\u015bci dotycz\u0105cej systemu cyfrowego,<\/li>\n\n\n\n<li class=\"has-small-font-size\">opracowania algorytm\u00f3w sterowania,<\/li>\n\n\n\n<li class=\"has-small-font-size\">oprogramowania system\u00f3w PLC<br>&#8211; OMRON<br>&#8211; GE FANUC<br>&#8211; SIEMENS<br>&#8211; SCHNEIDER ELECTRIC<\/li>\n\n\n\n<li class=\"has-small-font-size\">uruchamiania oprogramowania,<\/li>\n<\/ul>\n\n\n\n<div class=\"wp-block-group has-background is-content-justification-left is-nowrap is-layout-flex wp-container-10 wp-block-group-is-layout-flex\" style=\"background-color:#ffffe8\">\n<div aria-hidden=\"true\" class=\"wp-block-spacer wp-container-content-6\"><\/div>\n\n\n\n<figure class=\"wp-block-image size-large is-resized\"><a href=\"https:\/\/compa.com.pl\/wp-content\/uploads\/2016\/01\/PLC_2.jpg\" rel=\"attachment wp-att-243\"><img decoding=\"async\" loading=\"lazy\" width=\"1024\" height=\"750\" src=\"https:\/\/compa.com.pl\/wp-content\/uploads\/2016\/01\/PLC_2-1024x750.jpg\" alt=\"PLC_2\" class=\"wp-image-243\" style=\"aspect-ratio:1.3653333333333333;object-fit:cover;width:240px\" srcset=\"https:\/\/compa.com.pl\/wp-content\/uploads\/2016\/01\/PLC_2-1024x750.jpg 1024w, https:\/\/compa.com.pl\/wp-content\/uploads\/2016\/01\/PLC_2-300x220.jpg 300w, https:\/\/compa.com.pl\/wp-content\/uploads\/2016\/01\/PLC_2-768x562.jpg 768w, https:\/\/compa.com.pl\/wp-content\/uploads\/2016\/01\/PLC_2.jpg 1605w\" sizes=\"(max-width: 1024px) 100vw, 1024px\" \/><\/a><\/figure>\n\n\n\n<div aria-hidden=\"true\" class=\"wp-block-spacer wp-container-content-7\"><\/div>\n\n\n\n<figure class=\"wp-block-image size-large is-resized\"><a href=\"https:\/\/compa.com.pl\/wp-content\/uploads\/2016\/01\/PLC_1.jpg\" rel=\"attachment wp-att-242\"><img decoding=\"async\" loading=\"lazy\" width=\"1024\" height=\"749\" src=\"https:\/\/compa.com.pl\/wp-content\/uploads\/2016\/01\/PLC_1-1024x749.jpg\" alt=\"PLC_1\" class=\"wp-image-242\" style=\"aspect-ratio:1.3671562082777036;object-fit:cover;width:240px\" srcset=\"https:\/\/compa.com.pl\/wp-content\/uploads\/2016\/01\/PLC_1-1024x749.jpg 1024w, https:\/\/compa.com.pl\/wp-content\/uploads\/2016\/01\/PLC_1-300x220.jpg 300w, https:\/\/compa.com.pl\/wp-content\/uploads\/2016\/01\/PLC_1-768x562.jpg 768w, https:\/\/compa.com.pl\/wp-content\/uploads\/2016\/01\/PLC_1.jpg 1600w\" sizes=\"(max-width: 1024px) 100vw, 1024px\" \/><\/a><\/figure>\n\n\n\n<div aria-hidden=\"true\" class=\"wp-block-spacer wp-container-content-8\"><\/div>\n\n\n\n<figure class=\"wp-block-image size-large is-resized\"><a href=\"https:\/\/compa.com.pl\/wp-content\/uploads\/2016\/01\/PLC_3.jpg\" rel=\"attachment wp-att-244\"><img decoding=\"async\" loading=\"lazy\" width=\"1024\" height=\"750\" src=\"https:\/\/compa.com.pl\/wp-content\/uploads\/2016\/01\/PLC_3-1024x750.jpg\" alt=\"PLC_3\" class=\"wp-image-244\" style=\"aspect-ratio:1.3653333333333333;object-fit:cover;width:240px\" srcset=\"https:\/\/compa.com.pl\/wp-content\/uploads\/2016\/01\/PLC_3-1024x750.jpg 1024w, https:\/\/compa.com.pl\/wp-content\/uploads\/2016\/01\/PLC_3-300x220.jpg 300w, https:\/\/compa.com.pl\/wp-content\/uploads\/2016\/01\/PLC_3-768x562.jpg 768w, https:\/\/compa.com.pl\/wp-content\/uploads\/2016\/01\/PLC_3.jpg 1605w\" sizes=\"(max-width: 1024px) 100vw, 1024px\" \/><\/a><\/figure>\n\n\n\n<div aria-hidden=\"true\" class=\"wp-block-spacer wp-container-content-9\"><\/div>\n<\/div>\n\n\n\n<!--nextpage-->\n\n\n\n<p class=\"has-medium-font-size\"><strong>Us\u0142ugi projektowe system\u00f3w wizualizacji w oparciu o systemy SCADA oraz HMI w zakresie<\/strong><\/p>\n\n\n\n<ul class=\"has-small-font-size\">\n<li class=\"has-small-font-size\">opracowania schemat\u00f3w graficznych procesu technologicznego,<\/li>\n\n\n\n<li class=\"has-small-font-size\">tworzenia bazy obwod\u00f3w pomiarowych,<\/li>\n\n\n\n<li class=\"has-small-font-size\">uruchamiania oprogramowania,<\/li>\n<\/ul>\n\n\n\n<div class=\"wp-block-group has-background is-nowrap is-layout-flex wp-container-15 wp-block-group-is-layout-flex\" style=\"background-color:#ffffe8\">\n<div aria-hidden=\"true\" class=\"wp-block-spacer wp-container-content-11\"><\/div>\n\n\n\n<figure class=\"wp-block-image size-large is-resized\"><a href=\"https:\/\/compa.com.pl\/wp-content\/uploads\/2016\/01\/SCADA_1.jpg\" rel=\"attachment wp-att-245\"><img decoding=\"async\" loading=\"lazy\" width=\"1024\" height=\"543\" src=\"https:\/\/compa.com.pl\/wp-content\/uploads\/2016\/01\/SCADA_1-1024x543.jpg\" alt=\"SCADA_1\" class=\"wp-image-245\" style=\"width:240px\" srcset=\"https:\/\/compa.com.pl\/wp-content\/uploads\/2016\/01\/SCADA_1-1024x543.jpg 1024w, https:\/\/compa.com.pl\/wp-content\/uploads\/2016\/01\/SCADA_1-300x159.jpg 300w, https:\/\/compa.com.pl\/wp-content\/uploads\/2016\/01\/SCADA_1-768x408.jpg 768w, https:\/\/compa.com.pl\/wp-content\/uploads\/2016\/01\/SCADA_1.jpg 1726w\" sizes=\"(max-width: 1024px) 100vw, 1024px\" \/><\/a><\/figure>\n\n\n\n<div aria-hidden=\"true\" class=\"wp-block-spacer wp-container-content-12\"><\/div>\n\n\n\n<figure class=\"wp-block-image size-large is-resized\"><a href=\"https:\/\/compa.com.pl\/wp-content\/uploads\/2016\/01\/SCADA_3.jpg\" rel=\"attachment wp-att-247\"><img decoding=\"async\" loading=\"lazy\" width=\"1024\" height=\"575\" src=\"https:\/\/compa.com.pl\/wp-content\/uploads\/2016\/01\/SCADA_3-1024x575.jpg\" alt=\"SCADA_3\" class=\"wp-image-247\" style=\"width:240px\" srcset=\"https:\/\/compa.com.pl\/wp-content\/uploads\/2016\/01\/SCADA_3-1024x575.jpg 1024w, https:\/\/compa.com.pl\/wp-content\/uploads\/2016\/01\/SCADA_3-300x168.jpg 300w, https:\/\/compa.com.pl\/wp-content\/uploads\/2016\/01\/SCADA_3-768x431.jpg 768w, https:\/\/compa.com.pl\/wp-content\/uploads\/2016\/01\/SCADA_3.jpg 1633w\" sizes=\"(max-width: 1024px) 100vw, 1024px\" \/><\/a><\/figure>\n\n\n\n<div aria-hidden=\"true\" class=\"wp-block-spacer wp-container-content-13\"><\/div>\n\n\n\n<figure class=\"wp-block-image size-large is-resized\"><a href=\"https:\/\/compa.com.pl\/wp-content\/uploads\/2016\/01\/SCADA_2.jpg\" rel=\"attachment wp-att-246\"><img decoding=\"async\" loading=\"lazy\" width=\"1024\" height=\"544\" src=\"https:\/\/compa.com.pl\/wp-content\/uploads\/2016\/01\/SCADA_2-1024x544.jpg\" alt=\"SCADA_2\" class=\"wp-image-246\" style=\"width:240px\" srcset=\"https:\/\/compa.com.pl\/wp-content\/uploads\/2016\/01\/SCADA_2-1024x544.jpg 1024w, https:\/\/compa.com.pl\/wp-content\/uploads\/2016\/01\/SCADA_2-300x159.jpg 300w, https:\/\/compa.com.pl\/wp-content\/uploads\/2016\/01\/SCADA_2-768x408.jpg 768w, https:\/\/compa.com.pl\/wp-content\/uploads\/2016\/01\/SCADA_2.jpg 1728w\" sizes=\"(max-width: 1024px) 100vw, 1024px\" \/><\/a><\/figure>\n\n\n\n<div aria-hidden=\"true\" class=\"wp-block-spacer wp-container-content-14\"><\/div>\n<\/div>\n\n\n\n<!--nextpage-->\n\n\n\n<p class=\"has-medium-font-size\"><strong>Us\u0142ugi kompletacji i prefabrykacji urz\u0105dze\u0144 automatyki przemys\u0142owej oraz us\u0142ugi monta\u017cu i rozruchu system\u00f3w sterowania<\/strong><\/p>\n\n\n\n<div class=\"wp-block-group has-background is-nowrap is-layout-flex wp-container-20 wp-block-group-is-layout-flex\" style=\"background-color:#ffffe8\">\n<div aria-hidden=\"true\" class=\"wp-block-spacer wp-container-content-16\"><\/div>\n\n\n\n<figure class=\"wp-block-image size-large is-resized\"><img decoding=\"async\" loading=\"lazy\" width=\"1024\" height=\"681\" src=\"https:\/\/compa.com.pl\/wp-content\/uploads\/2024\/07\/Mont1-1024x681.jpg\" alt=\"\" class=\"wp-image-527\" style=\"aspect-ratio:16\/9;object-fit:cover;width:250px\" srcset=\"https:\/\/compa.com.pl\/wp-content\/uploads\/2024\/07\/Mont1-1024x681.jpg 1024w, https:\/\/compa.com.pl\/wp-content\/uploads\/2024\/07\/Mont1-300x200.jpg 300w, https:\/\/compa.com.pl\/wp-content\/uploads\/2024\/07\/Mont1-768x511.jpg 768w, https:\/\/compa.com.pl\/wp-content\/uploads\/2024\/07\/Mont1-1536x1022.jpg 1536w, https:\/\/compa.com.pl\/wp-content\/uploads\/2024\/07\/Mont1.jpg 1728w\" sizes=\"(max-width: 1024px) 100vw, 1024px\" \/><\/figure>\n\n\n\n<div aria-hidden=\"true\" class=\"wp-block-spacer wp-container-content-17\"><\/div>\n\n\n\n<figure class=\"wp-block-image size-large is-resized\"><img decoding=\"async\" loading=\"lazy\" width=\"1024\" height=\"683\" src=\"https:\/\/compa.com.pl\/wp-content\/uploads\/2024\/07\/Mont5-1024x683.jpg\" alt=\"\" class=\"wp-image-526\" style=\"aspect-ratio:16\/9;object-fit:cover;width:250px\" srcset=\"https:\/\/compa.com.pl\/wp-content\/uploads\/2024\/07\/Mont5-1024x683.jpg 1024w, https:\/\/compa.com.pl\/wp-content\/uploads\/2024\/07\/Mont5-300x200.jpg 300w, https:\/\/compa.com.pl\/wp-content\/uploads\/2024\/07\/Mont5-768x512.jpg 768w, https:\/\/compa.com.pl\/wp-content\/uploads\/2024\/07\/Mont5-1536x1024.jpg 1536w, https:\/\/compa.com.pl\/wp-content\/uploads\/2024\/07\/Mont5.jpg 1920w\" sizes=\"(max-width: 1024px) 100vw, 1024px\" \/><\/figure>\n\n\n\n<div aria-hidden=\"true\" class=\"wp-block-spacer wp-container-content-18\"><\/div>\n\n\n\n<figure class=\"wp-block-image size-large is-resized\"><img decoding=\"async\" loading=\"lazy\" width=\"1024\" height=\"681\" src=\"https:\/\/compa.com.pl\/wp-content\/uploads\/2024\/07\/Mont4-1024x681.jpg\" alt=\"\" class=\"wp-image-525\" style=\"aspect-ratio:16\/9;object-fit:cover;width:250px\" srcset=\"https:\/\/compa.com.pl\/wp-content\/uploads\/2024\/07\/Mont4-1024x681.jpg 1024w, https:\/\/compa.com.pl\/wp-content\/uploads\/2024\/07\/Mont4-300x200.jpg 300w, https:\/\/compa.com.pl\/wp-content\/uploads\/2024\/07\/Mont4-768x511.jpg 768w, https:\/\/compa.com.pl\/wp-content\/uploads\/2024\/07\/Mont4-1536x1022.jpg 1536w, https:\/\/compa.com.pl\/wp-content\/uploads\/2024\/07\/Mont4.jpg 1920w\" sizes=\"(max-width: 1024px) 100vw, 1024px\" \/><\/figure>\n\n\n\n<div aria-hidden=\"true\" class=\"wp-block-spacer wp-container-content-19\"><\/div>\n<\/div>\n\n\n\n<div style=\"height:60px;width:0px\" aria-hidden=\"true\" class=\"wp-block-spacer\"><\/div>\n\n\n\n<p class=\"has-text-align-left has-medium-font-size\">Oferowane us\u0142ugi mo\u017cemy wykona\u0107 samodzielnie lub we wsp\u00f3\u0142pracy z innym partnerem wskazanym przez klienta. Naszym celem jest zapewnienie klientom nowoczesnych rozwi\u0105za\u0144 projektowych w bran\u017cy PiA. Gwarancj\u0105 wysokiej jako\u015bci us\u0142ug jest wieloletnie do\u015bwiadczenie projektowe, profesjonalizm, znajomo\u015b\u0107 najnowszych trend\u00f3w w technice pomiarowej.<\/p>\n","protected":false},"excerpt":{"rendered":"<p>Kompleksowe us\u0142ugi projektowe w bran\u017cy Pomiar\u00f3w i Automatyki w zakresie:<\/p>\n","protected":false},"author":1,"featured_media":0,"parent":0,"menu_order":1,"comment_status":"closed","ping_status":"closed","template":"page-fullwidth.php","meta":{"footnotes":""},"_links":{"self":[{"href":"https:\/\/compa.com.pl\/index.php?rest_route=\/wp\/v2\/pages\/19"}],"collection":[{"href":"https:\/\/compa.com.pl\/index.php?rest_route=\/wp\/v2\/pages"}],"about":[{"href":"https:\/\/compa.com.pl\/index.php?rest_route=\/wp\/v2\/types\/page"}],"author":[{"embeddable":true,"href":"https:\/\/compa.com.pl\/index.php?rest_route=\/wp\/v2\/users\/1"}],"replies":[{"embeddable":true,"href":"https:\/\/compa.com.pl\/index.php?rest_route=%2Fwp%2Fv2%2Fcomments&post=19"}],"version-history":[{"count":37,"href":"https:\/\/compa.com.pl\/index.php?rest_route=\/wp\/v2\/pages\/19\/revisions"}],"predecessor-version":[{"id":558,"href":"https:\/\/compa.com.pl\/index.php?rest_route=\/wp\/v2\/pages\/19\/revisions\/558"}],"wp:attachment":[{"href":"https:\/\/compa.com.pl\/index.php?rest_route=%2Fwp%2Fv2%2Fmedia&parent=19"}],"curies":[{"name":"wp","href":"https:\/\/api.w.org\/{rel}","templated":true}]}}